{"id":19,"date":"2020-12-18T11:57:44","date_gmt":"2020-12-18T11:57:44","guid":{"rendered":"https:\/\/rian-appartementen.com\/?page_id=19"},"modified":"2020-12-18T13:00:15","modified_gmt":"2020-12-18T17:00:15","slug":"links","status":"publish","type":"page","link":"https:\/\/rian-appartementen.com\/de\/links\/","title":{"rendered":"Links"},"content":{"rendered":"<h1>Praktische Links f\u00fcr Ihren Cura\u00e7ao-Aufenthalt<\/h1>\n<ul>\n<li>\n\t\t\t\t\t<a href=\"https:\/\/antillen.startkabel.nl\/\" target=\"_blank\" rel=\"noopener\"><br \/>\n\t\t\t\t\t\t\t\t\t\tAntillen &#8211; Startkabel.nl<br \/>\n\t\t\t\t\t\t\t\t\t\t\t<\/a>\n\t\t\t\t\t\t\t\t\t<\/li>\n<li>\n\t\t\t\t\t<a href=\"https:\/\/curacao.startpagina.nl\/\" target=\"_blank\" rel=\"noopener\"><br \/>\n\t\t\t\t\t\t\t\t\t\tcura\u00e7ao.startpagina.nl<br \/>\n\t\t\t\t\t\t\t\t\t\t\t<\/a>\n\t\t\t\t\t\t\t\t\t<\/li>\n<li>\n\t\t\t\t\t<a href=\"http:\/\/vakantiehuis-antillen.nl\/\" target=\"_blank\" rel=\"noopener\"><br \/>\n\t\t\t\t\t\t\t\t\t\tVakantiehuis-Antillen<br \/>\n\t\t\t\t\t\t\t\t\t\t\t<\/a>\n\t\t\t\t\t\t\t\t\t<\/li>\n<li>\n\t\t\t\t\t<a href=\"https:\/\/curacao.verzamelgids.nl\/\" target=\"_blank\" rel=\"noopener\"><br \/>\n\t\t\t\t\t\t\t\t\t\tCura\u00e7ao Verzamelgids<br \/>\n\t\t\t\t\t\t\t\t\t\t\t<\/a>\n\t\t\t\t\t\t\t\t\t<\/li>\n<li>\n\t\t\t\t\t<a href=\"https:\/\/www.iha.co.nl\/\" target=\"_blank\" rel=\"noopener\"><br \/>\n\t\t\t\t\t\t\t\t\t\tIHA &#8211; Verhuur Vakantiewoningen<br \/>\n\t\t\t\t\t\t\t\t\t\t\t<\/a>\n\t\t\t\t\t\t\t\t\t<\/li>\n<li>\n\t\t\t\t\t<a href=\"https:\/\/nl.wikipedia.org\/wiki\/Cura%C3%A7ao\" target=\"_blank\" rel=\"noopener\"><br \/>\n\t\t\t\t\t\t\t\t\t\tCura\u00e7ao &#8211; Wikipedia<br \/>\n\t\t\t\t\t\t\t\t\t\t\t<\/a>\n\t\t\t\t\t\t\t\t\t<\/li>\n<li>\n\t\t\t\t\t<a href=\"https:\/\/curacao-nature.weebly.com\/\" target=\"_blank\" rel=\"noopener\"><br \/>\n\t\t\t\t\t\t\t\t\t\tCura\u00e7ao-Nature<br \/>\n\t\t\t\t\t\t\t\t\t\t\t<\/a>\n\t\t\t\t\t\t\t\t\t<\/li>\n<li>\n\t\t\t\t\t<a href=\"https:\/\/www.cheaptickets.nl\/vliegtickets\" target=\"_blank\" rel=\"noopener\"><br \/>\n\t\t\t\t\t\t\t\t\t\tVliegtickets Cura\u00e7ao<br \/>\n\t\t\t\t\t\t\t\t\t\t\t<\/a>\n\t\t\t\t\t\t\t\t\t<\/li>\n<li>\n\t\t\t\t\t<a href=\"https:\/\/zonnigcuracao.nl\/\" target=\"_blank\" rel=\"noopener\"><br \/>\n\t\t\t\t\t\t\t\t\t\tZonnig Cura\u00e7ao<br \/>\n\t\t\t\t\t\t\t\t\t\t\t<\/a>\n\t\t\t\t\t\t\t\t\t<\/li>\n<li>\n\t\t\t\t\t<a href=\"https:\/\/www.holidaycars.com\/autohuur\/curacao\/?pc=rian15\" target=\"_blank\" rel=\"noopener\"><br \/>\n\t\t\t\t\t\t\t\t\t\t15% korting op uw huurauto in Cura\u00e7ao via HolidayCars<br \/>\n\t\t\t\t\t\t\t\t\t\t\t<\/a>\n\t\t\t\t\t\t\t\t\t<\/li>\n<li>\n\t\t\t\t\t<a href=\"https:\/\/parkos.nl\/\" target=\"_blank\" rel=\"noopener\"><br \/>\n\t\t\t\t\t\t\t\t\t\tParkos &#8211; Parkeren bij vliegvelden vergelijken<br \/>\n\t\t\t\t\t\t\t\t\t\t\t<\/a>\n\t\t\t\t\t\t\t\t\t<\/li>\n<\/ul>\n<h2>Zoover<\/h2>\n<p>\t\t\t\t\t\t\t\t\t\t<img decoding=\"async\" width=\"243\" height=\"243\" src=\"https:\/\/rian-appartementen.com\/wp-content\/uploads\/2020\/12\/zoover-awards-2017.png\" alt=\"\" loading=\"lazy\" srcset=\"https:\/\/rian-appartementen.com\/wp-content\/uploads\/2020\/12\/zoover-awards-2017.png 243w, https:\/\/rian-appartementen.com\/wp-content\/uploads\/2020\/12\/zoover-awards-2017-150x150.png 150w, https:\/\/rian-appartementen.com\/wp-content\/uploads\/2020\/12\/zoover-awards-2017-12x12.png 12w\" sizes=\"auto, (max-width: 243px) 100vw, 243px\" \/>\t\t\t\t\t\t\t\t\t\t\t<\/p>\n<h2>Kontakt<\/h2>\n<p>Rian Apartments<br \/>St. Michielsweg 34<br \/>Julianadorp, Cura\u00e7ao<br \/>T: +5999 8681602<br \/>E: <a href=\"mailto:riancuracao@gmail.com\">riancuracao@gmail.com<\/a>\u00a0<\/p>\n<h2>Facebook<\/h2>\n<p>\t\t\t<center><iframe src=\"https:\/\/www.facebook.com\/plugins\/likebox.php?href=http%3A%2F%2Fwww.facebook.com%2Fpages%2FRian-Apartments%2F123642357715709&amp;width=242&amp;colorscheme=light&amp;show_faces=true&amp;border_color=%23fff&amp;stream=true&amp;header=true&amp;height=427\" style=\"border:none; overflow:hidden; width:242px; height:427px;\"><\/iframe><\/center><\/p>","protected":false},"excerpt":{"rendered":"<p>Nuttige links over Cura\u00e7ao Antillen &#8211; Startkabel.nl cura\u00e7ao.startpagina.nl Vakantiehuis-Antillen Cura\u00e7ao Verzamelgids IHA &#8211; Verhuur Vakantiewoningen Cura\u00e7ao &#8211; Wikipedia Cura\u00e7ao-Nature Vliegtickets Cura\u00e7ao Zonnig Cura\u00e7ao 15% korting op uw huurauto in Cura\u00e7ao via HolidayCars Parkos &#8211; Parkeren bij vliegvelden vergelijken Zoover Contact Rian AppartementenSt. Michielsweg 34Julianadorp, Cura\u00e7aoT: +5999 8681602E: riancuracao@gmail.com\u00a0 Facebook<\/p>","protected":false},"author":2,"featured_media":0,"parent":0,"menu_order":0,"comment_status":"closed","ping_status":"closed","template":"","meta":{"footnotes":""},"class_list":["post-19","page","type-page","status-publish","hentry"],"yoast_head":"<!-- This site is optimized with the Yoast SEO plugin v27.4 - https:\/\/yoast.com\/product\/yoast-seo-wordpress\/ -->\n<title>Links - Rian Appartementen Cura\u00e7ao<\/title>\n<meta name=\"robots\" content=\"index, follow, max-snippet:-1, max-image-preview:large, max-video-preview:-1\" \/>\n<link rel=\"canonical\" href=\"https:\/\/rian-appartementen.com\/de\/links\/\" \/>\n<meta property=\"og:locale\" content=\"de_DE\" \/>\n<meta property=\"og:type\" content=\"article\" \/>\n<meta property=\"og:title\" content=\"Links - Rian Appartementen Cura\u00e7ao\" \/>\n<meta property=\"og:description\" content=\"Nuttige links over Cura\u00e7ao Antillen &#8211; Startkabel.nl cura\u00e7ao.startpagina.nl Vakantiehuis-Antillen Cura\u00e7ao Verzamelgids IHA &#8211; Verhuur Vakantiewoningen Cura\u00e7ao &#8211; Wikipedia Cura\u00e7ao-Nature Vliegtickets Cura\u00e7ao Zonnig Cura\u00e7ao 15% korting op uw huurauto in Cura\u00e7ao via HolidayCars Parkos &#8211; Parkeren bij vliegvelden vergelijken Zoover Contact Rian AppartementenSt. Michielsweg 34Julianadorp, Cura\u00e7aoT: +5999 8681602E: riancuracao@gmail.com\u00a0 Facebook\" \/>\n<meta property=\"og:url\" content=\"https:\/\/rian-appartementen.com\/de\/links\/\" \/>\n<meta property=\"og:site_name\" content=\"Rian Appartementen Cura\u00e7ao\" \/>\n<meta property=\"article:modified_time\" content=\"2020-12-18T17:00:15+00:00\" \/>\n<meta property=\"og:image\" content=\"https:\/\/rian-appartementen.com\/wp-content\/uploads\/2020\/12\/zoover-awards-2017.png\" \/>\n<meta name=\"twitter:card\" content=\"summary_large_image\" \/>\n<script type=\"application\/ld+json\" class=\"yoast-schema-graph\">{\"@context\":\"https:\\\/\\\/schema.org\",\"@graph\":[{\"@type\":\"WebPage\",\"@id\":\"https:\\\/\\\/rian-appartementen.com\\\/links\\\/\",\"url\":\"https:\\\/\\\/rian-appartementen.com\\\/links\\\/\",\"name\":\"Links - Rian Appartementen Cura\u00e7ao\",\"isPartOf\":{\"@id\":\"https:\\\/\\\/rian-appartementen.com\\\/#website\"},\"primaryImageOfPage\":{\"@id\":\"https:\\\/\\\/rian-appartementen.com\\\/links\\\/#primaryimage\"},\"image\":{\"@id\":\"https:\\\/\\\/rian-appartementen.com\\\/links\\\/#primaryimage\"},\"thumbnailUrl\":\"https:\\\/\\\/rian-appartementen.com\\\/wp-content\\\/uploads\\\/2020\\\/12\\\/zoover-awards-2017.png\",\"datePublished\":\"2020-12-18T11:57:44+00:00\",\"dateModified\":\"2020-12-18T17:00:15+00:00\",\"breadcrumb\":{\"@id\":\"https:\\\/\\\/rian-appartementen.com\\\/links\\\/#breadcrumb\"},\"inLanguage\":\"de\",\"potentialAction\":[{\"@type\":\"ReadAction\",\"target\":[\"https:\\\/\\\/rian-appartementen.com\\\/links\\\/\"]}]},{\"@type\":\"ImageObject\",\"inLanguage\":\"de\",\"@id\":\"https:\\\/\\\/rian-appartementen.com\\\/links\\\/#primaryimage\",\"url\":\"https:\\\/\\\/rian-appartementen.com\\\/wp-content\\\/uploads\\\/2020\\\/12\\\/zoover-awards-2017.png\",\"contentUrl\":\"https:\\\/\\\/rian-appartementen.com\\\/wp-content\\\/uploads\\\/2020\\\/12\\\/zoover-awards-2017.png\"},{\"@type\":\"BreadcrumbList\",\"@id\":\"https:\\\/\\\/rian-appartementen.com\\\/links\\\/#breadcrumb\",\"itemListElement\":[{\"@type\":\"ListItem\",\"position\":1,\"name\":\"Home\",\"item\":\"https:\\\/\\\/rian-appartementen.com\\\/\"},{\"@type\":\"ListItem\",\"position\":2,\"name\":\"Links\"}]},{\"@type\":\"WebSite\",\"@id\":\"https:\\\/\\\/rian-appartementen.com\\\/#website\",\"url\":\"https:\\\/\\\/rian-appartementen.com\\\/\",\"name\":\"Rian Appartementen Cura\u00e7ao\",\"description\":\"Luxe studio\u2019s en appartementen voor een klein budget\",\"potentialAction\":[{\"@type\":\"SearchAction\",\"target\":{\"@type\":\"EntryPoint\",\"urlTemplate\":\"https:\\\/\\\/rian-appartementen.com\\\/?s={search_term_string}\"},\"query-input\":{\"@type\":\"PropertyValueSpecification\",\"valueRequired\":true,\"valueName\":\"search_term_string\"}}],\"inLanguage\":\"de\"}]}<\/script>\n<!-- \/ Yoast SEO plugin. -->","yoast_head_json":{"title":"Links - Rian Appartementen Cura\u00e7ao","robots":{"index":"index","follow":"follow","max-snippet":"max-snippet:-1","max-image-preview":"max-image-preview:large","max-video-preview":"max-video-preview:-1"},"canonical":"https:\/\/rian-appartementen.com\/de\/links\/","og_locale":"de_DE","og_type":"article","og_title":"Links - Rian Appartementen Cura\u00e7ao","og_description":"Nuttige links over Cura\u00e7ao Antillen &#8211; Startkabel.nl cura\u00e7ao.startpagina.nl Vakantiehuis-Antillen Cura\u00e7ao Verzamelgids IHA &#8211; Verhuur Vakantiewoningen Cura\u00e7ao &#8211; Wikipedia Cura\u00e7ao-Nature Vliegtickets Cura\u00e7ao Zonnig Cura\u00e7ao 15% korting op uw huurauto in Cura\u00e7ao via HolidayCars Parkos &#8211; Parkeren bij vliegvelden vergelijken Zoover Contact Rian AppartementenSt. Michielsweg 34Julianadorp, Cura\u00e7aoT: +5999 8681602E: riancuracao@gmail.com\u00a0 Facebook","og_url":"https:\/\/rian-appartementen.com\/de\/links\/","og_site_name":"Rian Appartementen Cura\u00e7ao","article_modified_time":"2020-12-18T17:00:15+00:00","og_image":[{"url":"https:\/\/rian-appartementen.com\/wp-content\/uploads\/2020\/12\/zoover-awards-2017.png","type":"","width":"","height":""}],"twitter_card":"summary_large_image","schema":{"@context":"https:\/\/schema.org","@graph":[{"@type":"WebPage","@id":"https:\/\/rian-appartementen.com\/links\/","url":"https:\/\/rian-appartementen.com\/links\/","name":"Links - Rian Appartementen Cura\u00e7ao","isPartOf":{"@id":"https:\/\/rian-appartementen.com\/#website"},"primaryImageOfPage":{"@id":"https:\/\/rian-appartementen.com\/links\/#primaryimage"},"image":{"@id":"https:\/\/rian-appartementen.com\/links\/#primaryimage"},"thumbnailUrl":"https:\/\/rian-appartementen.com\/wp-content\/uploads\/2020\/12\/zoover-awards-2017.png","datePublished":"2020-12-18T11:57:44+00:00","dateModified":"2020-12-18T17:00:15+00:00","breadcrumb":{"@id":"https:\/\/rian-appartementen.com\/links\/#breadcrumb"},"inLanguage":"de","potentialAction":[{"@type":"ReadAction","target":["https:\/\/rian-appartementen.com\/links\/"]}]},{"@type":"ImageObject","inLanguage":"de","@id":"https:\/\/rian-appartementen.com\/links\/#primaryimage","url":"https:\/\/rian-appartementen.com\/wp-content\/uploads\/2020\/12\/zoover-awards-2017.png","contentUrl":"https:\/\/rian-appartementen.com\/wp-content\/uploads\/2020\/12\/zoover-awards-2017.png"},{"@type":"BreadcrumbList","@id":"https:\/\/rian-appartementen.com\/links\/#breadcrumb","itemListElement":[{"@type":"ListItem","position":1,"name":"Home","item":"https:\/\/rian-appartementen.com\/"},{"@type":"ListItem","position":2,"name":"Links"}]},{"@type":"WebSite","@id":"https:\/\/rian-appartementen.com\/#website","url":"https:\/\/rian-appartementen.com\/","name":"Rian Appartementen Cura\u00e7ao","description":"Luxe studio\u2019s en appartementen voor een klein budget","potentialAction":[{"@type":"SearchAction","target":{"@type":"EntryPoint","urlTemplate":"https:\/\/rian-appartementen.com\/?s={search_term_string}"},"query-input":{"@type":"PropertyValueSpecification","valueRequired":true,"valueName":"search_term_string"}}],"inLanguage":"de"}]}},"_links":{"self":[{"href":"https:\/\/rian-appartementen.com\/de\/wp-json\/wp\/v2\/pages\/19","targetHints":{"allow":["GET"]}}],"collection":[{"href":"https:\/\/rian-appartementen.com\/de\/wp-json\/wp\/v2\/pages"}],"about":[{"href":"https:\/\/rian-appartementen.com\/de\/wp-json\/wp\/v2\/types\/page"}],"author":[{"embeddable":true,"href":"https:\/\/rian-appartementen.com\/de\/wp-json\/wp\/v2\/users\/2"}],"replies":[{"embeddable":true,"href":"https:\/\/rian-appartementen.com\/de\/wp-json\/wp\/v2\/comments?post=19"}],"version-history":[{"count":46,"href":"https:\/\/rian-appartementen.com\/de\/wp-json\/wp\/v2\/pages\/19\/revisions"}],"predecessor-version":[{"id":579,"href":"https:\/\/rian-appartementen.com\/de\/wp-json\/wp\/v2\/pages\/19\/revisions\/579"}],"wp:attachment":[{"href":"https:\/\/rian-appartementen.com\/de\/wp-json\/wp\/v2\/media?parent=19"}],"curies":[{"name":"wp","href":"https:\/\/api.w.org\/{rel}","templated":true}]}}