{"id":21,"date":"2020-12-18T11:57:59","date_gmt":"2020-12-18T11:57:59","guid":{"rendered":"https:\/\/rian-appartementen.com\/?page_id=21"},"modified":"2025-10-07T10:39:56","modified_gmt":"2025-10-07T14:39:56","slug":"contactformulier","status":"publish","type":"page","link":"https:\/\/rian-appartementen.com\/de\/kontakt\/","title":{"rendered":"Kontakt"},"content":{"rendered":"<div id='av_section_1'  class='avia-section av-26eut-72520b68c177a1811731d3fffa9c32e0 main_color avia-section-default avia-no-border-styling  avia-builder-el-0  el_before_av_section  avia-builder-el-first  avia-bg-style-scroll container_wrap sidebar_right'  ><div class='container av-section-cont-open' ><main  role=\"main\" itemprop=\"mainContentOfPage\"  class='template-page content  av-content-small alpha units'><div class='post-entry post-entry-type-page post-entry-21'><div class='entry-content-wrapper clearfix'>\n<div  class='flex_column av-34exh-4ef5f5cd2ca7005d8e400896ab561c0b av_two_fifth  avia-builder-el-1  el_before_av_three_fifth  avia-builder-el-first  first flex_column_div'     ><section  class='av_textblock_section av-m375emu9-562eae0b524127c7193f6a1c6f5c04a6'   itemscope=\"itemscope\" itemtype=\"https:\/\/schema.org\/CreativeWork\" ><div class='avia_textblock'  itemprop=\"text\" ><h1>Kontakt<\/h1>\n<p>Rian Apartments<br \/>\nSt. Michielsweg 34<br \/>\nJulianadorp, Cura\u00e7ao<br \/>\nT: +5999 8681602<br \/>\nE: <a href=\"mailto:riancuracao@gmail.com\">riancuracao@gmail.com<\/a><\/p>\n<p><center><\/center><\/p>\n<\/div><\/section><br \/>\n<div  class='avia-button-wrap avia-button-center  avia-builder-el-3  el_after_av_textblock  el_before_av_hr'>\n<style type=\"text\/css\" data-created_by=\"avia_inline_auto\" id=\"style-css-av-m3k6gghq-0617c98250c3acd2115aed6a10420c69\">\n#top #wrap_all .avia-button.av-m3k6gghq-0617c98250c3acd2115aed6a10420c69{\nbackground-color:#0098a9;\nborder-color:#0098a9;\nborder-radius:5px 5px 5px 5px;\ntransition:all 0.4s ease-in-out;\n}\n#top #wrap_all .avia-button.av-m3k6gghq-0617c98250c3acd2115aed6a10420c69:hover{\nbackground-color:#c13a83;\ncolor:white;\ntransition:all 0.4s ease-in-out;\n}\n#top #wrap_all .avia-button.av-m3k6gghq-0617c98250c3acd2115aed6a10420c69:hover .avia_button_background{\nborder-radius:5px 5px 5px 5px;\n}\n<\/style>\n<a href='https:\/\/wa.me\/+59996669472' class='avia-font-color-theme-color avia-button avia-button-fullwidth av-m3k6gghq-0617c98250c3acd2115aed6a10420c69 avia-icon_select-yes-left-icon avia-color-custom' target=\"_blank\" rel=\"noopener noreferrer\" aria-label=\"WhatsApp\"><span class='avia_button_icon avia_button_icon_left' aria-hidden='true' data-av_icon='\uf232' data-av_iconfont='entypo-fontello'><\/span><span class='avia_iconbox_title' >WhatsApp<\/span><\/a><\/div><br \/>\n\n<style type=\"text\/css\" data-created_by=\"avia_inline_auto\" id=\"style-css-av-m3k6m9qe-20b63f97d1da77d07d160546f83e8078\">\n#top .hr.hr-invisible.av-m3k6m9qe-20b63f97d1da77d07d160546f83e8078{\nheight:8px;\n}\n<\/style>\n<div  class='hr av-m3k6m9qe-20b63f97d1da77d07d160546f83e8078 hr-invisible  avia-builder-el-4  el_after_av_button_big  el_before_av_button_big  avia-builder-el-no-sibling'><span class='hr-inner'><span class=\"hr-inner-style\"><\/span><\/span><\/div><br \/>\n<div  class='avia-button-wrap avia-button-center  avia-builder-el-5  el_after_av_hr  el_before_av_hr'>\n<style type=\"text\/css\" data-created_by=\"avia_inline_auto\" id=\"style-css-av-m3k6kwbn-0ec0289d25853b6c59f635ca8cd96e9a\">\n#top #wrap_all .avia-button.av-m3k6kwbn-0ec0289d25853b6c59f635ca8cd96e9a{\nbackground-color:#0098a9;\nborder-color:#0098a9;\nborder-radius:5px 5px 5px 5px;\ntransition:all 0.4s ease-in-out;\n}\n#top #wrap_all .avia-button.av-m3k6kwbn-0ec0289d25853b6c59f635ca8cd96e9a:hover{\nbackground-color:#c13a83;\ncolor:white;\ntransition:all 0.4s ease-in-out;\n}\n#top #wrap_all .avia-button.av-m3k6kwbn-0ec0289d25853b6c59f635ca8cd96e9a:hover .avia_button_background{\nborder-radius:5px 5px 5px 5px;\n}\n<\/style>\n<a href='https:\/\/maps.app.goo.gl\/juWC28U75h6UEZBdA' class='avia-font-color-theme-color avia-button avia-button-fullwidth av-m3k6kwbn-0ec0289d25853b6c59f635ca8cd96e9a avia-icon_select-yes-left-icon avia-color-custom' target=\"_blank\" rel=\"noopener noreferrer\" aria-label=\"Auf Google Maps ansehen\"><span class='avia_button_icon avia_button_icon_left' aria-hidden='true' data-av_icon='\ue843' data-av_iconfont='entypo-fontello'><\/span><span class='avia_iconbox_title' >Auf Google Maps ansehen<\/span><\/a><\/div><br \/>\n\n<style type=\"text\/css\" data-created_by=\"avia_inline_auto\" id=\"style-css-av-1pkzp-29c4f3dab1a467eff1f66eabdd6d7163\">\n#top .hr.hr-invisible.av-1pkzp-29c4f3dab1a467eff1f66eabdd6d7163{\nheight:8px;\n}\n<\/style>\n<div  class='hr av-1pkzp-29c4f3dab1a467eff1f66eabdd6d7163 hr-invisible  avia-builder-el-6  el_after_av_button_big  avia-builder-el-no-sibling'><span class='hr-inner'><span class=\"hr-inner-style\"><\/span><\/span><\/div><\/p><\/div><div  class='flex_column av-244zl-abef2c129077d544e58bd7cf83d2442a av_three_fifth  avia-builder-el-7  el_after_av_two_fifth  avia-builder-el-last  flex_column_div'     ><section  class='av_textblock_section av-m4cx0amx-0980a186dd6065dcd1c41934d85cc62b'   itemscope=\"itemscope\" itemtype=\"https:\/\/schema.org\/CreativeWork\" ><div class='avia_textblock'  itemprop=\"text\" ><h4>Reservierungen<\/h4>\n<p>Wir bevorzugen, Ihre Reservierung per E-Mail zu erhalten, einschlie\u00dflich Ihrer pers\u00f6nlichen Daten. Wir senden Ihnen eine Best\u00e4tigung.<\/p>\n<\/div><\/section><br \/>\n<form action=\"https:\/\/rian-appartementen.com\/de\/kontakt\/\" method=\"post\" data-fields-with-error=\"Fehler wurden in folgenden Feld(ern) gefunden:\" class=\"avia_ajax_form av-form-labels-visible   avia-builder-el-9  el_after_av_textblock  avia-builder-el-last\" data-avia-form-id=\"1\" data-avia-redirect=''  aria-label='Contact Form' data-trp-original-action=\"https:\/\/rian-appartementen.com\/de\/kontakt\/\" ><fieldset><p class='first_form  form_element form_element_half' id='element_avia_1_1'><label for=\"avia_1_1\">Vorname <abbr class=\"required\" title=\"ben\u00f6tigt\">*<\/abbr><\/label> <input name=\"avia_1_1\" class=\"text_input is_empty\" type=\"text\" id=\"avia_1_1\" value=\"\" \/><\/p><p class='form_element form_element_half' id='element_avia_2_1'><label for=\"avia_2_1\">Nachname <abbr class=\"required\" title=\"ben\u00f6tigt\">*<\/abbr><\/label> <input name=\"avia_2_1\" class=\"text_input is_empty\" type=\"text\" id=\"avia_2_1\" value=\"\" \/><\/p><p class='first_form  form_element form_fullwidth' id='element_avia_3_1'><label for=\"avia_3_1\">E-Mail <abbr class=\"required\" title=\"ben\u00f6tigt\">*<\/abbr><\/label> <input name=\"avia_3_1\" class=\"text_input is_email\" type=\"text\" id=\"avia_3_1\" value=\"\" \/><\/p><p class='first_form  form_element form_fullwidth' id='element_avia_4_1'><label for=\"avia_4_1\">Telefon <abbr class=\"required\" title=\"ben\u00f6tigt\">*<\/abbr><\/label> <input name=\"avia_4_1\" class=\"text_input is_phone\" type=\"text\" id=\"avia_4_1\" value=\"\" \/><\/p><p class='first_form  form_element form_element_third' id='element_avia_5_1'><label for=\"avia_5_1\">Anzahl der G\u00e4ste<\/label><select  name=\"avia_5_1\" class=\"select\" id=\"avia_5_1\"><option   value='1'>1<\/option><option   value='2'>2<\/option><option   value='3'>3<\/option><option   value='4'>4<\/option><\/select><\/p><p class='form_element form_element_third' id='element_avia_6_1'><label for=\"avia_6_1\">Ankunft <abbr class=\"required\" title=\"ben\u00f6tigt\">*<\/abbr><\/label> <input name=\"avia_6_1\" class=\"avia_datepicker text_input is_empty\" type=\"text\" id=\"avia_6_1\" value=\"\" placeholder=\"DD \/ MM \/ YY\" inputmode=\"none\" \/><\/p><p class='form_element form_element_third' id='element_avia_7_1'><label for=\"avia_7_1\">Abfahrt <abbr class=\"required\" title=\"ben\u00f6tigt\">*<\/abbr><\/label> <input name=\"avia_7_1\" class=\"avia_datepicker text_input is_empty\" type=\"text\" id=\"avia_7_1\" value=\"\" placeholder=\"DD \/ MM \/ YY\" inputmode=\"none\" \/><\/p><div id='avia_8_1' class='av-form-text'><\/p>\n<h3>Bevorzugtes Apartment<\/h3>\n<p>\n<\/div><p class='first_form  form_element form_element_third' id='element_avia_9_1'><input  name=\"avia_9_1\" class=\"input_checkbox\" type=\"checkbox\" id=\"avia_9_1\" value=\"true\"\/><label class=\"input_checkbox_label\" for=\"avia_9_1\">Caribbean Breeze<\/label><\/p><p class='form_element form_element_third' id='element_avia_10_1'><input  name=\"avia_10_1\" class=\"input_checkbox\" type=\"checkbox\" id=\"avia_10_1\" value=\"true\"\/><label class=\"input_checkbox_label\" for=\"avia_10_1\">Purple Moon<\/label><\/p><p class='form_element form_element_third' id='element_avia_11_1'><input  name=\"avia_11_1\" class=\"input_checkbox\" type=\"checkbox\" id=\"avia_11_1\" value=\"true\"\/><label class=\"input_checkbox_label\" for=\"avia_11_1\">Sunset Bay<\/label><\/p><p class='first_form  form_element form_element_third' id='element_avia_12_1'><input  name=\"avia_12_1\" class=\"input_checkbox\" type=\"checkbox\" id=\"avia_12_1\" value=\"true\"\/><label class=\"input_checkbox_label\" for=\"avia_12_1\">Sunshine<\/label><\/p><p class='form_element form_element_third' id='element_avia_13_1'><input  name=\"avia_13_1\" class=\"input_checkbox\" type=\"checkbox\" id=\"avia_13_1\" value=\"true\"\/><label class=\"input_checkbox_label\" for=\"avia_13_1\">Coral Beach<\/label><\/p><p class='form_element form_element_third' id='element_avia_14_1'><input  name=\"avia_14_1\" class=\"input_checkbox\" type=\"checkbox\" id=\"avia_14_1\" value=\"true\"\/><label class=\"input_checkbox_label\" for=\"avia_14_1\">Keine Pr\u00e4ferenz<\/label><\/p><p class='first_form  form_element form_fullwidth' id='element_avia_15_1'><label for=\"avia_15_1\" class=\"textare_label hidden textare_label_avia_15_1\">Nachricht\u00a0 <abbr class=\"required\" title=\"ben\u00f6tigt\">*<\/abbr><\/label><textarea  name=\"avia_15_1\" class=\"text_area is_empty\" cols=\"40\" rows=\"7\" id=\"avia_15_1\" ><\/textarea><\/p><p class=\"hidden\"><input type=\"text\" name=\"avia_16_1\" class=\"hidden\" id=\"avia_16_1\" value=\"\" \/><\/p><div id='avia_17_1' class='av-recaptcha-area  first_form  form_element form_fullwidth'  data-container_class=\"\" data-custom_class=\"\" data-context=\"av_contact_form\" data-token_input=\"av_recaptcha_token\" data-version=\"avia_recaptcha_v3\" data-theme=\"light\" data-size=\"normal\" data-score=\"1\" data-text_to_preview=\"\" data-value=\"\"><div class=\"av-google-badge-message hidden\">Diese Seite wird durch reCAPTCHA gesch\u00fctzt und es gelten die Google <a href=\"https:\/\/policies.google.com\/privacy\">Datenschutzerkl\u00e4rungen<\/a> und <a href=\"https:\/\/policies.google.com\/terms\">Nutzungsbedingungen<\/a><\/div><\/div><p class=\"form_element\"><input type=\"hidden\" value=\"1\" name=\"avia_generated_form1\" \/><input type=\"submit\" value=\"Senden\" class=\"button\"  data-sending-label=\"Sende\"\/><\/p><\/fieldset><div class=\"avia-disabled-form\">Dieses Kontaktformular ist momentan deaktiviert, da Sie den Google reCAPTCHA-Service noch nicht akzeptiert haben. Dieser ist f\u00fcr die Validierung des Sendevorgangs jedoch notwendig<\/div><input type=\"hidden\" name=\"trp-form-language\" value=\"de\"\/><\/form><div id=\"ajaxresponse_1\" class=\"ajaxresponse ajaxresponse_1 hidden\"><\/div><\/p><\/div><\/div><\/div><\/main><!-- close content main element --><\/div><\/div><div id='av_section_2'  class='avia-section av-1a1qd-a8227385d2e0b6954de5c6c82bc9200f main_color avia-section-default avia-no-border-styling  avia-builder-el-10  el_after_av_section  avia-builder-el-last  avia-bg-style-scroll container_wrap sidebar_right'  ><div class='container av-section-cont-open' ><div class='template-page content  av-content-small alpha units'><div class='post-entry post-entry-type-page post-entry-21'><div class='entry-content-wrapper clearfix'>\n<div  class='flex_column av-35wl-614219c119cece4bf90aed446bec9ae7 av_one_half  avia-builder-el-11  el_before_av_one_half  avia-builder-el-first  first flex_column_div'     ><style type=\"text\/css\" data-created_by=\"avia_inline_auto\" id=\"style-css-av-mggo0zql-8bd7a71fcbc1d8f4463ba14017139b2c\">\n.avia-image-container.av-mggo0zql-8bd7a71fcbc1d8f4463ba14017139b2c img.avia_image{\nbox-shadow:none;\n}\n.avia-image-container.av-mggo0zql-8bd7a71fcbc1d8f4463ba14017139b2c .av-image-caption-overlay-center{\ncolor:#ffffff;\n}\n<\/style>\n<div  class='avia-image-container av-mggo0zql-8bd7a71fcbc1d8f4463ba14017139b2c av-styling- avia-align-center  avia-builder-el-12  avia-builder-el-no-sibling'   itemprop=\"image\" itemscope=\"itemscope\" itemtype=\"https:\/\/schema.org\/ImageObject\" ><div class=\"avia-image-container-inner\"><div class=\"avia-image-overlay-wrap\"><img decoding=\"async\" fetchpriority=\"high\" class='wp-image-1897 avia-img-lazy-loading-not-1897 avia_image' src=\"https:\/\/rian-appartementen.com\/wp-content\/uploads\/2025\/10\/CURACAO-TOURIST-BOARD-RIAN-APPARTEMENTEN-ACCOMMODATION-300x200.png\" alt='' title='CURACAO TOURIST BOARD RIAN APPARTEMENTEN ACCOMMODATION'  height=\"200\" width=\"300\"  itemprop=\"thumbnailUrl\"  \/><\/div><\/div><\/div><\/div><div  class='flex_column av-2nxd-4e00a2926e4fcbbfbe4a5338dc79ef59 av_one_half  avia-builder-el-13  el_after_av_one_half  avia-builder-el-last  flex_column_div'     ><section  class='av_textblock_section av-m376o2sl-548dae46216ec14f2cc899f5144e2921'   itemscope=\"itemscope\" itemtype=\"https:\/\/schema.org\/CreativeWork\" ><div class='avia_textblock'  itemprop=\"text\" ><h2>Facebook<\/h2>\n<p><left><iframe style=\"border: none; overflow: hidden; width: 900px; height: 1800px;\" src=\"https:\/\/www.facebook.com\/plugins\/likebox.php?href=http%3A%2F%2Fwww.facebook.com%2Fpages%2FRian-Apartments%2F123642357715709&#038;width=900&#038;colorscheme=light&#038;show_faces=true&#038;border_color=%23fff&#038;stream=true&#038;header=true&#038;height=1800\"><\/iframe><\/left><\/p>\n<\/div><\/section><\/div><\/div><\/div><\/div><!-- close content main div --><\/div><\/div><div id='after_section_2'  class='main_color av_default_container_wrap container_wrap sidebar_right'  ><div class='container av-section-cont-open' ><div class='template-page content  av-content-small alpha units'><div class='post-entry post-entry-type-page post-entry-21'><div class='entry-content-wrapper clearfix'><\/p>","protected":false},"excerpt":{"rendered":"","protected":false},"author":2,"featured_media":0,"parent":0,"menu_order":0,"comment_status":"closed","ping_status":"closed","template":"","meta":{"footnotes":""},"class_list":["post-21","page","type-page","status-publish","hentry"],"yoast_head":"<!-- This site is optimized with the Yoast SEO plugin v27.4 - https:\/\/yoast.com\/product\/yoast-seo-wordpress\/ -->\n<title>Contactformulier - Rian Appartementen Cura\u00e7ao<\/title>\n<meta name=\"robots\" content=\"index, follow, max-snippet:-1, max-image-preview:large, max-video-preview:-1\" \/>\n<link rel=\"canonical\" href=\"https:\/\/rian-appartementen.com\/de\/contactformulier\/\" \/>\n<meta property=\"og:locale\" content=\"de_DE\" \/>\n<meta property=\"og:type\" content=\"article\" \/>\n<meta property=\"og:title\" content=\"Contactformulier - Rian Appartementen Cura\u00e7ao\" \/>\n<meta property=\"og:url\" content=\"https:\/\/rian-appartementen.com\/de\/contactformulier\/\" \/>\n<meta property=\"og:site_name\" content=\"Rian Appartementen Cura\u00e7ao\" \/>\n<meta property=\"article:modified_time\" content=\"2025-10-07T14:39:56+00:00\" \/>\n<meta name=\"twitter:card\" content=\"summary_large_image\" \/>\n<meta name=\"twitter:label1\" content=\"Gesch\u00e4tzte Lesezeit\" \/>\n\t<meta name=\"twitter:data1\" content=\"1\u00a0Minute\" \/>\n<script type=\"application\/ld+json\" class=\"yoast-schema-graph\">{\"@context\":\"https:\\\/\\\/schema.org\",\"@graph\":[{\"@type\":\"WebPage\",\"@id\":\"https:\\\/\\\/rian-appartementen.com\\\/contactformulier\\\/\",\"url\":\"https:\\\/\\\/rian-appartementen.com\\\/contactformulier\\\/\",\"name\":\"Contactformulier - Rian Appartementen Cura\u00e7ao\",\"isPartOf\":{\"@id\":\"https:\\\/\\\/rian-appartementen.com\\\/#website\"},\"datePublished\":\"2020-12-18T11:57:59+00:00\",\"dateModified\":\"2025-10-07T14:39:56+00:00\",\"breadcrumb\":{\"@id\":\"https:\\\/\\\/rian-appartementen.com\\\/contactformulier\\\/#breadcrumb\"},\"inLanguage\":\"de\",\"potentialAction\":[{\"@type\":\"ReadAction\",\"target\":[\"https:\\\/\\\/rian-appartementen.com\\\/contactformulier\\\/\"]}]},{\"@type\":\"BreadcrumbList\",\"@id\":\"https:\\\/\\\/rian-appartementen.com\\\/contactformulier\\\/#breadcrumb\",\"itemListElement\":[{\"@type\":\"ListItem\",\"position\":1,\"name\":\"Home\",\"item\":\"https:\\\/\\\/rian-appartementen.com\\\/\"},{\"@type\":\"ListItem\",\"position\":2,\"name\":\"Contactformulier\"}]},{\"@type\":\"WebSite\",\"@id\":\"https:\\\/\\\/rian-appartementen.com\\\/#website\",\"url\":\"https:\\\/\\\/rian-appartementen.com\\\/\",\"name\":\"Rian Appartementen Cura\u00e7ao\",\"description\":\"Luxe studio\u2019s en appartementen voor een klein budget\",\"potentialAction\":[{\"@type\":\"SearchAction\",\"target\":{\"@type\":\"EntryPoint\",\"urlTemplate\":\"https:\\\/\\\/rian-appartementen.com\\\/?s={search_term_string}\"},\"query-input\":{\"@type\":\"PropertyValueSpecification\",\"valueRequired\":true,\"valueName\":\"search_term_string\"}}],\"inLanguage\":\"de\"}]}<\/script>\n<!-- \/ Yoast SEO plugin. -->","yoast_head_json":{"title":"Contactformulier - Rian Appartementen Cura\u00e7ao","robots":{"index":"index","follow":"follow","max-snippet":"max-snippet:-1","max-image-preview":"max-image-preview:large","max-video-preview":"max-video-preview:-1"},"canonical":"https:\/\/rian-appartementen.com\/de\/contactformulier\/","og_locale":"de_DE","og_type":"article","og_title":"Contactformulier - Rian Appartementen Cura\u00e7ao","og_url":"https:\/\/rian-appartementen.com\/de\/contactformulier\/","og_site_name":"Rian Appartementen Cura\u00e7ao","article_modified_time":"2025-10-07T14:39:56+00:00","twitter_card":"summary_large_image","twitter_misc":{"Gesch\u00e4tzte Lesezeit":"1\u00a0Minute"},"schema":{"@context":"https:\/\/schema.org","@graph":[{"@type":"WebPage","@id":"https:\/\/rian-appartementen.com\/contactformulier\/","url":"https:\/\/rian-appartementen.com\/contactformulier\/","name":"Contactformulier - Rian Appartementen Cura\u00e7ao","isPartOf":{"@id":"https:\/\/rian-appartementen.com\/#website"},"datePublished":"2020-12-18T11:57:59+00:00","dateModified":"2025-10-07T14:39:56+00:00","breadcrumb":{"@id":"https:\/\/rian-appartementen.com\/contactformulier\/#breadcrumb"},"inLanguage":"de","potentialAction":[{"@type":"ReadAction","target":["https:\/\/rian-appartementen.com\/contactformulier\/"]}]},{"@type":"BreadcrumbList","@id":"https:\/\/rian-appartementen.com\/contactformulier\/#breadcrumb","itemListElement":[{"@type":"ListItem","position":1,"name":"Home","item":"https:\/\/rian-appartementen.com\/"},{"@type":"ListItem","position":2,"name":"Contactformulier"}]},{"@type":"WebSite","@id":"https:\/\/rian-appartementen.com\/#website","url":"https:\/\/rian-appartementen.com\/","name":"Rian Appartementen Cura\u00e7ao","description":"Luxe studio\u2019s en appartementen voor een klein budget","potentialAction":[{"@type":"SearchAction","target":{"@type":"EntryPoint","urlTemplate":"https:\/\/rian-appartementen.com\/?s={search_term_string}"},"query-input":{"@type":"PropertyValueSpecification","valueRequired":true,"valueName":"search_term_string"}}],"inLanguage":"de"}]}},"_links":{"self":[{"href":"https:\/\/rian-appartementen.com\/de\/wp-json\/wp\/v2\/pages\/21","targetHints":{"allow":["GET"]}}],"collection":[{"href":"https:\/\/rian-appartementen.com\/de\/wp-json\/wp\/v2\/pages"}],"about":[{"href":"https:\/\/rian-appartementen.com\/de\/wp-json\/wp\/v2\/types\/page"}],"author":[{"embeddable":true,"href":"https:\/\/rian-appartementen.com\/de\/wp-json\/wp\/v2\/users\/2"}],"replies":[{"embeddable":true,"href":"https:\/\/rian-appartementen.com\/de\/wp-json\/wp\/v2\/comments?post=21"}],"version-history":[{"count":104,"href":"https:\/\/rian-appartementen.com\/de\/wp-json\/wp\/v2\/pages\/21\/revisions"}],"predecessor-version":[{"id":1901,"href":"https:\/\/rian-appartementen.com\/de\/wp-json\/wp\/v2\/pages\/21\/revisions\/1901"}],"wp:attachment":[{"href":"https:\/\/rian-appartementen.com\/de\/wp-json\/wp\/v2\/media?parent=21"}],"curies":[{"name":"wp","href":"https:\/\/api.w.org\/{rel}","templated":true}]}}