{"id":23,"date":"2020-12-18T11:58:46","date_gmt":"2020-12-18T11:58:46","guid":{"rendered":"https:\/\/rian-appartementen.com\/?page_id=23"},"modified":"2024-11-21T06:54:00","modified_gmt":"2024-11-21T10:54:00","slug":"gastenboek","status":"publish","type":"page","link":"https:\/\/rian-appartementen.com\/de\/gastebuch-2\/","title":{"rendered":"G\u00e4stebuch"},"content":{"rendered":"<div id='av_section_1'  class='avia-section av-37rub-d9235a64b531d653f5d247cddd60f471 main_color avia-section-default avia-no-border-styling  avia-builder-el-0  el_before_av_section  avia-builder-el-first  avia-bg-style-scroll container_wrap sidebar_right'  ><div class='container av-section-cont-open' ><main  role=\"main\" itemprop=\"mainContentOfPage\"  class='template-page content  av-content-small alpha units'><div class='post-entry post-entry-type-page post-entry-23'><div class='entry-content-wrapper clearfix'>\n\n<style type=\"text\/css\" data-created_by=\"avia_inline_auto\" id=\"style-css-av-m3essx5s-cb53c72df0652548c5ef33582f0fe9d2\">\n#top .av-special-heading.av-m3essx5s-cb53c72df0652548c5ef33582f0fe9d2{\npadding-bottom:10px;\n}\nbody .av-special-heading.av-m3essx5s-cb53c72df0652548c5ef33582f0fe9d2 .av-special-heading-tag .heading-char{\nfont-size:25px;\n}\n.av-special-heading.av-m3essx5s-cb53c72df0652548c5ef33582f0fe9d2 .av-subheading{\nfont-size:15px;\n}\n<\/style>\n<div  class='av-special-heading av-m3essx5s-cb53c72df0652548c5ef33582f0fe9d2 av-special-heading-h2 blockquote modern-quote modern-centered  avia-builder-el-1  avia-builder-el-no-sibling'><h2 class='av-special-heading-tag'  itemprop=\"headline\"  >G\u00e4stebuch Rian Apartments<\/h2><div class=\"special-heading-border\"><div class=\"special-heading-inner-border\"><\/div><\/div><\/div>\n\n<\/div><\/div><\/main><!-- close content main element --><\/div><\/div><div id='av_section_2'  class='avia-section av-2vofb-198bd4200dffbb107961b42c58ae0fd8 main_color avia-section-default avia-no-border-styling  avia-builder-el-2  el_after_av_section  el_before_av_section  avia-bg-style-scroll container_wrap sidebar_right'  ><div class='container av-section-cont-open' ><div class='template-page content  av-content-small alpha units'><div class='post-entry post-entry-type-page post-entry-23'><div class='entry-content-wrapper clearfix'>\n<div  class='flex_column av-1ftdf-ff0c316cae41e994e9fb494e33d93b2f av_one_half  avia-builder-el-3  el_before_av_one_half  avia-builder-el-first  first flex_column_div'     ><\/div><div  class='flex_column av-10e7b-9425db1bf951e6379135d822c879f0b2 av_one_half  avia-builder-el-5  el_after_av_one_half  avia-builder-el-last  flex_column_div'     ><div  class='avia-button-wrap avia-button-center  avia-builder-el-6  avia-builder-el-no-sibling'>\n<style type=\"text\/css\" data-created_by=\"avia_inline_auto\" id=\"style-css-av-m3k67ave-941f5e193c15ee8bb1319afd24d2849b\">\n#top #wrap_all .avia-button.av-m3k67ave-941f5e193c15ee8bb1319afd24d2849b{\nbackground-color:#0098a9;\nborder-color:#0098a9;\ntransition:all 0.4s ease-in-out;\n}\n#top #wrap_all .avia-button.av-m3k67ave-941f5e193c15ee8bb1319afd24d2849b:hover{\nbackground-color:#c13a83;\ncolor:white;\ntransition:all 0.4s ease-in-out;\n}\n<\/style>\n<a href='https:\/\/www.tboek.nl\/gastenboek\/marcenrian\/' class='avia-font-color-theme-color avia-button avia-button-fullwidth av-m3k67ave-941f5e193c15ee8bb1319afd24d2849b avia-icon_select-no avia-color-custom' target=\"_blank\" rel=\"noopener noreferrer\" aria-label=\"Fr\u00fchere G\u00e4stebuchbewertungen ansehen\"><span class='avia_iconbox_title' >Fr\u00fchere G\u00e4stebuchbewertungen ansehen<\/span><\/a><\/div><\/div><\/div><\/div><\/div><!-- close content main div --><\/div><\/div><div id='av_section_3'  class='avia-section av-57of7-de6c929d7d6bdda1a0a6a680c5c5dc9e main_color avia-section-default avia-no-border-styling  avia-builder-el-7  el_after_av_section  el_before_av_section  avia-bg-style-scroll container_wrap sidebar_right'  ><div class='container av-section-cont-open' ><div class='template-page content  av-content-small alpha units'><div class='post-entry post-entry-type-page post-entry-23'><div class='entry-content-wrapper clearfix'>\n<div  class='avia-testimonial-wrapper av-4fanv-acca0084ffa91f0b58d7e3ff5afa9f92 avia-grid-testimonials avia-grid-2-testimonials avia_animate_when_almost_visible' >\n<section class=\"avia-testimonial-row\"><div class='avia-testimonial av-3zdij-316722639aa0063d72219dd8e7729d9f avia-testimonial-row-1 avia-first-testimonial flex_column no_margin av_one_half'><div class='avia-testimonial_inner'  itemscope=\"itemscope\" itemtype=\"https:\/\/schema.org\/CreativeWork\" ><div class='avia-testimonial-content'><div class='avia-testimonial-markup-entry-content'  itemprop=\"text\" ><p>Wir suchten nach einer Ferienunterkunft auf Cura\u00e7ao, da \u201eunser Ferienapartment\u201c der letzten Jahre dauerhaft vermietet war. Zum Gl\u00fcck bekamen wir von Michelle den goldenen Tipp, es bei Rian zu versuchen, die \u00fcber f\u00fcnf komfortable Apartments verf\u00fcgt.<br \/>\nHet voldeed volledig aan onze wensen omdat we geen liefhebbers zijn van (grootschalige) resorts en of hotels en konden genieten aldaar van onze vrijheid, de mooie tropische tuin, het mooie zwembad en natuurlijke de gastvrijheid van Rian. Als dierenliefhebbers hebben we ook genoten van o.a. de landschildpadden en vooral de 3 hondjes in Rians tropentuin. Hartelijk dank voor een heel fijne tijd bij je Rian.<br \/>\nGraag komen we snel weer bij je aan voor een vakantie op Cura\u00e7ao.<br \/>\nGroeten<br \/>\nYvonne en Henk<\/p>\n<p>PS gisteren hebben we allebei nieuwe snorkelsets gekocht &#8230; die willen we snel gaan uitproberen.<\/p>\n<\/div><\/div><div class=\"avia-testimonial-meta\"><div class=\"avia-testimonial-arrow-wrap\"><div class=\"avia-arrow\"><\/div><\/div><div class='avia-testimonial-meta-mini'  itemprop=\"author\" itemscope=\"itemscope\" itemtype=\"https:\/\/schema.org\/Person\" ><strong  class='avia-testimonial-name'  itemprop=\"name\" >Henk Janssen<\/strong><\/div><\/div><\/div><\/div>\n<div class='avia-testimonial av-3idxv-3f457ec3a51006072f001c252c587164 avia-testimonial-row-1 avia-last-testimonial flex_column no_margin av_one_half'><div class='avia-testimonial_inner'  itemscope=\"itemscope\" itemtype=\"https:\/\/schema.org\/CreativeWork\" ><div class='avia-testimonial-content'><div class='avia-testimonial-markup-entry-content'  itemprop=\"text\" ><p>Wir waren zum ersten Mal bei Rian. Was f\u00fcr ein herrlicher Ort! Wir haben den Pool und die Ruhe genossen, aber auch die Geselligkeit. Wir haben viel mit den Hunden gekuschelt. Rian ist sehr gastfreundlich und freundlich. Alles kann organisiert werden. Au\u00dferdem liegt die Unterkunft sehr zentral. Man ist schnell in Willemstad, aber auch in kurzer Zeit in Westpunt. Ich werde auf jeden Fall wiederkommen!<\/p>\n<\/div><\/div><div class=\"avia-testimonial-meta\"><div class=\"avia-testimonial-arrow-wrap\"><div class=\"avia-arrow\"><\/div><\/div><div class='avia-testimonial-meta-mini'  itemprop=\"author\" itemscope=\"itemscope\" itemtype=\"https:\/\/schema.org\/Person\" ><strong  class='avia-testimonial-name'  itemprop=\"name\" >Danielle<\/strong><\/div><\/div><\/div><\/div><\/section>\n<section class=\"avia-testimonial-row\"><div class='avia-testimonial av-2xkxz-61bd1be07ad5b2c49fc0e99a2f032e83 avia-testimonial-row-2 avia-first-testimonial flex_column no_margin av_one_half'><div class='avia-testimonial_inner'  itemscope=\"itemscope\" itemtype=\"https:\/\/schema.org\/CreativeWork\" ><div class='avia-testimonial-content'><div class='avia-testimonial-markup-entry-content'  itemprop=\"text\" ><p>Wie sch\u00f6n ist es, bei Rian zu sein!<br \/>\nEs ist ein wunderbarer Ort, an dem ich gerne bin.<br \/>\nEs gibt einen Pool, s\u00fc\u00dfe Hunde, Schildkr\u00f6ten, die herumlaufen, und eine tolle Atmosph\u00e4re<\/p>\n<p>Rian ist sehr freundlich, hilfsbereit und gastfreundlich.<br \/>\nSetzen Sie sich an den Picknicktisch am Pool oder genie\u00dfen Sie Ihren eigenen Platz.<br \/>\nDie Apartments sind gro\u00dfartig! Sie haben ein gutes Bett, genug Platz, eine tolle Dusche und eine K\u00fcche.<\/p>\n<p>Ich war schon ein paar Mal bei Rian und werde auf jeden Fall wiederkommen!<\/p>\n<\/div><\/div><div class=\"avia-testimonial-meta\"><div class=\"avia-testimonial-arrow-wrap\"><div class=\"avia-arrow\"><\/div><\/div><div class='avia-testimonial-meta-mini'  itemprop=\"author\" itemscope=\"itemscope\" itemtype=\"https:\/\/schema.org\/Person\" ><strong  class='avia-testimonial-name'  itemprop=\"name\" >Antoinette<\/strong><\/div><\/div><\/div><\/div>\n<div class='avia-testimonial av-25shb-3dc9d77a0bd8086fd3816572bcc48dc5 avia-testimonial-row-2 avia-last-testimonial flex_column no_margin av_one_half'><div class='avia-testimonial_inner'  itemscope=\"itemscope\" itemtype=\"https:\/\/schema.org\/CreativeWork\" ><div class='avia-testimonial-content'><div class='avia-testimonial-markup-entry-content'  itemprop=\"text\" ><p>Unser Aufenthalt im Rian Appartement hat uns sehr gut gefallen. Paul (in unserem Fall der Gastgeber) war sehr zuvorkommend und hilfsbereit. Er hat uns vom Flughafen abgeholt und sogar zu unserer n\u00e4chsten Unterkunft in Willemstad gebracht. Das Appartement liegt in einer angenehmen Gegend, nicht allzu weit vom Zentrum entfernt. Die Zimmer und die Umgebung sind liebevoll und gem\u00fctlich gestaltet. Zusammenfassend war es ein sch\u00f6ner und gelungener Aufenthalt \u2013 vielen Dank daf\u00fcr!<\/p>\n<\/div><\/div><div class=\"avia-testimonial-meta\"><div class=\"avia-testimonial-arrow-wrap\"><div class=\"avia-arrow\"><\/div><\/div><div class='avia-testimonial-meta-mini'  itemprop=\"author\" itemscope=\"itemscope\" itemtype=\"https:\/\/schema.org\/Person\" ><strong  class='avia-testimonial-name'  itemprop=\"name\" >Kerstin & Simon<\/strong><\/div><\/div><\/div><\/div><\/section>\n<section class=\"avia-testimonial-row\"><div class='avia-testimonial av-198ev-4940014036a42f39c2785819a62be7cd avia-testimonial-row-3 avia-first-testimonial flex_column no_margin av_one_half'><div class='avia-testimonial_inner'  itemscope=\"itemscope\" itemtype=\"https:\/\/schema.org\/CreativeWork\" ><div class='avia-testimonial-content'><div class='avia-testimonial-markup-entry-content'  itemprop=\"text\" ><p>Mein erster Aufenthalt auf Cura\u00e7ao, und ich hatte das Gl\u00fcck, bei Rian zu wohnen! Herzlich, freundlich und gastfreundlich, aber auch ein sch\u00f6n eingerichtetes und sauberes Studio. Klimaanlage, wenn man sie m\u00f6chte, ein gro\u00dfer Pool, und die Lage ist wunderbar zentral auf der Insel. Parken kann man innerhalb des Tores, und der Supermarkt ist ganz in der N\u00e4he. Sehr zu empfehlen, wenn man allein reist, so wie ich, aber auch ideal, wenn man mit mehreren Paaren\/Freunden unterwegs ist und jeweils ein eigenes Apartment bucht. Man hat seine Privatsph\u00e4re und kann trotzdem gemeinsam Zeit verbringen.<br \/>\nSehr zu empfehlen!<\/p>\n<\/div><\/div><div class=\"avia-testimonial-meta\"><div class=\"avia-testimonial-arrow-wrap\"><div class=\"avia-arrow\"><\/div><\/div><div class='avia-testimonial-meta-mini'  itemprop=\"author\" itemscope=\"itemscope\" itemtype=\"https:\/\/schema.org\/Person\" ><strong  class='avia-testimonial-name'  itemprop=\"name\" >Rixt<\/strong><\/div><\/div><\/div><\/div>\n<div class='avia-testimonial av-wtnj-b767fbd74b66a91ec2c66f847d2c756a avia-testimonial-row-3 avia-last-testimonial flex_column no_margin av_one_half'><div class='avia-testimonial_inner'  itemscope=\"itemscope\" itemtype=\"https:\/\/schema.org\/CreativeWork\" ><div class='avia-testimonial-content'><div class='avia-testimonial-markup-entry-content'  itemprop=\"text\" ><p>Gerade zur\u00fcck von einem wunderbaren Urlaub auf Cura\u00e7ao. Wir haben 2 Wochen bei Rian verbracht \u2013 ein wirklich sch\u00f6ner Ort zum Verweilen. Die Apartments sind wundersch\u00f6n eingerichtet und mit allem Komfort ausgestattet. Die gemeinschaftlichen Sitzbereiche machen es besonders angenehm, auch Kontakt zu anderen G\u00e4sten zu haben. Dar\u00fcber hinaus k\u00fcmmert sich Rian hervorragend um ihre G\u00e4ste, sie ist wirklich engagiert und gibt tolle Tipps f\u00fcr Unternehmungen auf der Insel. Auch bei der Vermittlung eines Mietwagens ist sie sehr hilfsbereit. Eine echte Empfehlung f\u00fcr einen gro\u00dfartigen Urlaub auf Cura\u00e7ao!<\/p>\n<\/div><\/div><div class=\"avia-testimonial-meta\"><div class=\"avia-testimonial-arrow-wrap\"><div class=\"avia-arrow\"><\/div><\/div><div class='avia-testimonial-meta-mini'  itemprop=\"author\" itemscope=\"itemscope\" itemtype=\"https:\/\/schema.org\/Person\" ><strong  class='avia-testimonial-name'  itemprop=\"name\" >Carel en marianne van Duijnho<\/strong><\/div><\/div><\/div><\/div><\/section>\n<\/div>\n<\/p>\n<\/div><\/div><\/div><!-- close content main div --><\/div><\/div><div id='av_section_4'  class='avia-section av-4fzcr-5face22224e84c4223286549d7313cd7 main_color avia-section-default avia-no-border-styling  avia-builder-el-9  el_after_av_section  avia-builder-el-last  av-desktop-hide av-medium-hide av-small-hide av-mini-hide avia-bg-style-scroll container_wrap sidebar_right'  ><div class='container av-section-cont-open' ><div class='template-page content  av-content-small alpha units'><div class='post-entry post-entry-type-page post-entry-23'><div class='entry-content-wrapper clearfix'>\n<div  class='flex_column av-3vlmv-e5bfdf76dd0f43914e21a0711996f32b av_one_fourth  avia-builder-el-10  el_before_av_one_half  avia-builder-el-first  first flex_column_div'     ><style type=\"text\/css\" data-created_by=\"avia_inline_auto\" id=\"style-css-av-33whn-b6c5b83b05d513c5b25f5886cc926bf0\">\n.avia-image-container.av-33whn-b6c5b83b05d513c5b25f5886cc926bf0 img.avia_image{\nbox-shadow:none;\n}\n.avia-image-container.av-33whn-b6c5b83b05d513c5b25f5886cc926bf0 .av-image-caption-overlay-center{\ncolor:#ffffff;\n}\n<\/style>\n<div  class='avia-image-container av-33whn-b6c5b83b05d513c5b25f5886cc926bf0 av-styling- avia-align-center  avia-builder-el-11  avia-builder-el-no-sibling'   itemprop=\"image\" itemscope=\"itemscope\" itemtype=\"https:\/\/schema.org\/ImageObject\" ><div class=\"avia-image-container-inner\"><div class=\"avia-image-overlay-wrap\"><img decoding=\"async\" fetchpriority=\"high\" class='wp-image- avia-img-lazy-loading-not- avia_image' src=\"https:\/\/rian-appartementen.com\/wp-content\/themes\/enfold\/config-templatebuilder\/avia-template-builder\/images\/placeholder.jpg\" alt='' title=''   itemprop=\"thumbnailUrl\"  \/><\/div><\/div><\/div><\/div><div  class='flex_column av-2gtpb-813009de871fbddfe6014aec518b3d43 av_one_half  avia-builder-el-12  el_after_av_one_fourth  el_before_av_one_fourth  flex_column_div'     ><section  class='av_textblock_section av-1x7j3-527d2941ccc8c220bb7dfc06725c8183'   itemscope=\"itemscope\" itemtype=\"https:\/\/schema.org\/CreativeWork\" ><div class='avia_textblock'  itemprop=\"text\" ><p><iframe id=\"guestbook\" style=\"border: none; width: 100%; height: 725px;\" src=\"https:\/\/www.tboek.nl\/gastenboek\/marcenrian\" frameborder=\"0\"><\/iframe><\/p>\n<h2><\/h2>\n<p><center><\/center><\/p>\n<\/div><\/section><\/div><div  class='flex_column av-1g2mr-ed5f750e61cf48620cff90d46423848a av_one_fourth  avia-builder-el-14  el_after_av_one_half  avia-builder-el-last  flex_column_div'     ><style type=\"text\/css\" data-created_by=\"avia_inline_auto\" id=\"style-css-av-vuxj-b1b8b1e6667953301246bd330c281af7\">\n.avia-image-container.av-vuxj-b1b8b1e6667953301246bd330c281af7 img.avia_image{\nbox-shadow:none;\n}\n.avia-image-container.av-vuxj-b1b8b1e6667953301246bd330c281af7 .av-image-caption-overlay-center{\ncolor:#ffffff;\n}\n<\/style>\n<div  class='avia-image-container av-vuxj-b1b8b1e6667953301246bd330c281af7 av-styling- avia-align-center  avia-builder-el-15  avia-builder-el-no-sibling'   itemprop=\"image\" itemscope=\"itemscope\" itemtype=\"https:\/\/schema.org\/ImageObject\" ><div class=\"avia-image-container-inner\"><div class=\"avia-image-overlay-wrap\"><img decoding=\"async\" fetchpriority=\"high\" class='wp-image- avia-img-lazy-loading-not- avia_image' src=\"https:\/\/rian-appartementen.com\/wp-content\/themes\/enfold\/config-templatebuilder\/avia-template-builder\/images\/placeholder.jpg\" alt='' title=''   itemprop=\"thumbnailUrl\"  \/><\/div><\/div><\/div><\/div>\n<\/div><\/div><\/div><!-- close content main div --><\/div><\/div><div id='after_section_4'  class='main_color av_default_container_wrap container_wrap sidebar_right'  ><div class='container av-section-cont-open' ><div class='template-page content  av-content-small alpha units'><div class='post-entry post-entry-type-page post-entry-23'><div class='entry-content-wrapper clearfix'>","protected":false},"excerpt":{"rendered":"","protected":false},"author":2,"featured_media":0,"parent":0,"menu_order":0,"comment_status":"closed","ping_status":"closed","template":"","meta":{"footnotes":""},"class_list":["post-23","page","type-page","status-publish","hentry"],"yoast_head":"<!-- This site is optimized with the Yoast SEO plugin v27.4 - https:\/\/yoast.com\/product\/yoast-seo-wordpress\/ -->\n<title>Gastenboek - Rian Appartementen Cura\u00e7ao<\/title>\n<meta name=\"robots\" content=\"index, follow, max-snippet:-1, max-image-preview:large, max-video-preview:-1\" \/>\n<link rel=\"canonical\" href=\"https:\/\/rian-appartementen.com\/de\/gastebuch\/\" \/>\n<meta property=\"og:locale\" content=\"de_DE\" \/>\n<meta property=\"og:type\" content=\"article\" \/>\n<meta property=\"og:title\" content=\"Gastenboek - Rian Appartementen Cura\u00e7ao\" \/>\n<meta property=\"og:url\" content=\"https:\/\/rian-appartementen.com\/de\/gastebuch\/\" \/>\n<meta property=\"og:site_name\" content=\"Rian Appartementen Cura\u00e7ao\" \/>\n<meta property=\"article:modified_time\" content=\"2024-11-21T10:54:00+00:00\" \/>\n<meta name=\"twitter:card\" content=\"summary_large_image\" \/>\n<meta name=\"twitter:label1\" content=\"Gesch\u00e4tzte Lesezeit\" \/>\n\t<meta name=\"twitter:data1\" content=\"4\u00a0Minuten\" \/>\n<script type=\"application\/ld+json\" class=\"yoast-schema-graph\">{\"@context\":\"https:\\\/\\\/schema.org\",\"@graph\":[{\"@type\":\"WebPage\",\"@id\":\"https:\\\/\\\/rian-appartementen.com\\\/de\\\/gastebuch\\\/\",\"url\":\"https:\\\/\\\/rian-appartementen.com\\\/de\\\/gastebuch\\\/\",\"name\":\"Gastenboek - Rian Appartementen Cura\u00e7ao\",\"isPartOf\":{\"@id\":\"https:\\\/\\\/rian-appartementen.com\\\/#website\"},\"datePublished\":\"2020-12-18T11:58:46+00:00\",\"dateModified\":\"2024-11-21T10:54:00+00:00\",\"breadcrumb\":{\"@id\":\"https:\\\/\\\/rian-appartementen.com\\\/de\\\/gastebuch\\\/#breadcrumb\"},\"inLanguage\":\"de\",\"potentialAction\":[{\"@type\":\"ReadAction\",\"target\":[\"https:\\\/\\\/rian-appartementen.com\\\/de\\\/gastebuch\\\/\"]}]},{\"@type\":\"BreadcrumbList\",\"@id\":\"https:\\\/\\\/rian-appartementen.com\\\/de\\\/gastebuch\\\/#breadcrumb\",\"itemListElement\":[{\"@type\":\"ListItem\",\"position\":1,\"name\":\"Home\",\"item\":\"https:\\\/\\\/rian-appartementen.com\\\/\"},{\"@type\":\"ListItem\",\"position\":2,\"name\":\"Gastenboek\"}]},{\"@type\":\"WebSite\",\"@id\":\"https:\\\/\\\/rian-appartementen.com\\\/#website\",\"url\":\"https:\\\/\\\/rian-appartementen.com\\\/\",\"name\":\"Rian Appartementen Cura\u00e7ao\",\"description\":\"Luxe studio\u2019s en appartementen voor een klein budget\",\"potentialAction\":[{\"@type\":\"SearchAction\",\"target\":{\"@type\":\"EntryPoint\",\"urlTemplate\":\"https:\\\/\\\/rian-appartementen.com\\\/?s={search_term_string}\"},\"query-input\":{\"@type\":\"PropertyValueSpecification\",\"valueRequired\":true,\"valueName\":\"search_term_string\"}}],\"inLanguage\":\"de\"}]}<\/script>\n<!-- \/ Yoast SEO plugin. -->","yoast_head_json":{"title":"Gastenboek - Rian Appartementen Cura\u00e7ao","robots":{"index":"index","follow":"follow","max-snippet":"max-snippet:-1","max-image-preview":"max-image-preview:large","max-video-preview":"max-video-preview:-1"},"canonical":"https:\/\/rian-appartementen.com\/de\/gastebuch\/","og_locale":"de_DE","og_type":"article","og_title":"Gastenboek - Rian Appartementen Cura\u00e7ao","og_url":"https:\/\/rian-appartementen.com\/de\/gastebuch\/","og_site_name":"Rian Appartementen Cura\u00e7ao","article_modified_time":"2024-11-21T10:54:00+00:00","twitter_card":"summary_large_image","twitter_misc":{"Gesch\u00e4tzte Lesezeit":"4\u00a0Minuten"},"schema":{"@context":"https:\/\/schema.org","@graph":[{"@type":"WebPage","@id":"https:\/\/rian-appartementen.com\/de\/gastebuch\/","url":"https:\/\/rian-appartementen.com\/de\/gastebuch\/","name":"Gastenboek - Rian Appartementen Cura\u00e7ao","isPartOf":{"@id":"https:\/\/rian-appartementen.com\/#website"},"datePublished":"2020-12-18T11:58:46+00:00","dateModified":"2024-11-21T10:54:00+00:00","breadcrumb":{"@id":"https:\/\/rian-appartementen.com\/de\/gastebuch\/#breadcrumb"},"inLanguage":"de","potentialAction":[{"@type":"ReadAction","target":["https:\/\/rian-appartementen.com\/de\/gastebuch\/"]}]},{"@type":"BreadcrumbList","@id":"https:\/\/rian-appartementen.com\/de\/gastebuch\/#breadcrumb","itemListElement":[{"@type":"ListItem","position":1,"name":"Home","item":"https:\/\/rian-appartementen.com\/"},{"@type":"ListItem","position":2,"name":"Gastenboek"}]},{"@type":"WebSite","@id":"https:\/\/rian-appartementen.com\/#website","url":"https:\/\/rian-appartementen.com\/","name":"Rian Appartementen Cura\u00e7ao","description":"Luxe studio\u2019s en appartementen voor een klein budget","potentialAction":[{"@type":"SearchAction","target":{"@type":"EntryPoint","urlTemplate":"https:\/\/rian-appartementen.com\/?s={search_term_string}"},"query-input":{"@type":"PropertyValueSpecification","valueRequired":true,"valueName":"search_term_string"}}],"inLanguage":"de"}]}},"_links":{"self":[{"href":"https:\/\/rian-appartementen.com\/de\/wp-json\/wp\/v2\/pages\/23","targetHints":{"allow":["GET"]}}],"collection":[{"href":"https:\/\/rian-appartementen.com\/de\/wp-json\/wp\/v2\/pages"}],"about":[{"href":"https:\/\/rian-appartementen.com\/de\/wp-json\/wp\/v2\/types\/page"}],"author":[{"embeddable":true,"href":"https:\/\/rian-appartementen.com\/de\/wp-json\/wp\/v2\/users\/2"}],"replies":[{"embeddable":true,"href":"https:\/\/rian-appartementen.com\/de\/wp-json\/wp\/v2\/comments?post=23"}],"version-history":[{"count":24,"href":"https:\/\/rian-appartementen.com\/de\/wp-json\/wp\/v2\/pages\/23\/revisions"}],"predecessor-version":[{"id":1405,"href":"https:\/\/rian-appartementen.com\/de\/wp-json\/wp\/v2\/pages\/23\/revisions\/1405"}],"wp:attachment":[{"href":"https:\/\/rian-appartementen.com\/de\/wp-json\/wp\/v2\/media?parent=23"}],"curies":[{"name":"wp","href":"https:\/\/api.w.org\/{rel}","templated":true}]}}